{"id":3,"date":"2018-11-28T17:21:12","date_gmt":"2018-11-28T16:21:12","guid":{"rendered":"http:\/\/www.stemcromo.it\/site2018\/?page_id=3"},"modified":"2019-01-09T10:45:30","modified_gmt":"2019-01-09T09:45:30","slug":"privacy-policy","status":"publish","type":"page","link":"https:\/\/www.stemcromo.it\/site2018\/privacy-policy\/","title":{"rendered":"Privacy Policy"},"content":{"rendered":"<p><strong>INFORMATIVA PRIVACY<\/strong><\/p>\n<p><strong>STEMCROMO di Sterbizzi &amp; C. s.n.c.<\/strong> si riserva il diritto di modificare la presente Dichiarazione sulla privacy secondo necessit\u00e0, ad esempio, per conformarsi all&#8217;evoluzione di leggi, regolamenti, pratiche e procedure di <strong>STEMCROMO di Sterbizzi &amp; C. s.n.c<\/strong>. o alle richieste delle autorit\u00e0 di vigilanza.<\/p>\n<p>In tal caso,<strong>STEMCROMO di Sterbizzi &amp; C. s.n.c<\/strong> proceder\u00e0 ad informare gli individui interessati delle modifiche materiali apportate alla presente Dichiarazione sulla privacy.<strong>STEMCROMO di Sterbizzi &amp; C. s.n.c<\/strong> pubblicher\u00e0 le nuove versioni sui corrispondenti siti Web, interni ed esterni.<\/p>\n<p>In ottemperanza degli obblighi derivanti dalla normativa comunitaria, (Regolamento europeo per la protezione dei dati personali n. 679\/2016, GDPR) e successive modifiche, il presente sito rispetta e tutela la riservatezza dei visitatori e degli utenti, ponendo in essere ogni sforzo possibile e proporzionato per non ledere i diritti degli utenti.<\/p>\n<p>La presente privacy policy si applica esclusivamente alle attivit\u00e0 online del presente sito ed \u00e8 valida per i visitatori\/utenti del sito. Non si applica alle informazioni raccolte tramite canali diversi dal presente sito web.\u00a0Lo scopo dell&#8217;informativa privacy \u00e8 di fornire la massima trasparenza relativamente alle informazioni che il sito raccoglie e come le usa.<\/p>\n<p>Questa informativa \u00e8 resa per il solo sito di\u00a0<strong>STEMCROMO di Sterbizzi &amp; C. s.n.c<\/strong> (<a href=\"https:\/\/www.stemcromo.it\">www.stemcromo.it<\/a>) \u00a0e non per altri siti web eventualmente consultati dall&#8217;utente tramite link.<\/p>\n<p>IL TITOLARE DEL TRATTAMENTO<br \/>\nA seguito della consultazione di questo sito possono essere trattati dati relativi a persone identificate o identificabili.<\/p>\n<p>Il Titolare del trattamento \u00e8\u00a0<strong>STEMCROMO di Sterbizzi &amp; C. s.n.c<\/strong>, che ha sede in Via Novella, 12 42124 Loc. Corte Tegge &#8211; Reggio Emilia \u2013 Italy &#8211; \u00a0<a href=\"mailto:info@stemcromo.it\" target=\"_blank\" rel=\"noopener\">info@stemcromo<\/a>.it<\/p>\n<p>I dati raccolti dal sito sono trattati presso la sede del Titolare del Trattamento, e presso il data center del web Hosting attualmente residente al di fuori della comunit\u00e0 europea, ma che a breve verr\u00e0 trasferito in Italia. I trattamenti connessi ai servizi web di questo sito hanno luogo presso la predetta sede del Titolare del Trattamento, presso la sede individuata dal gestore del sito internet e sono curati solo da personale incaricato del trattamento, oppure da eventuali incaricati di occasionali operazioni di manutenzione.<br \/>\nNessun dato derivante dal servizio web viene comunicato o diffuso. I dati personali forniti dagli utenti che inoltrano richieste di invio di materiale in merito al servizio richiesto (oppure anche solo di carattere informativo) sono utilizzati al solo fine di eseguire il servizio o la prestazione richiesta e sono comunicati a terzi solo se necessario e se coinvolte e funzionali all&#8217;espletamento del servizio a noi richiesto.<\/p>\n<p><strong>TIPI DI DATI TRATTATI <\/strong><\/p>\n<p>Dati di navigazione<\/p>\n<p>I sistemi informatici e le procedure software preposte al funzionamento di questo sito web acquisiscono, nel corso del loro normale esercizio, alcuni dati personali la cui trasmissione \u00e8 implicita nell&#8217;uso dei protocolli di comunicazione di Internet.<br \/>\nSi tratta di informazioni che non sono raccolte per essere associate a interessati identificati, ma che per loro stessa natura potrebbero, attraverso elaborazioni ed associazioni con dati detenuti da terzi, permettere di identificare gli utenti.<\/p>\n<p>In questa categoria di dati rientrano gli indirizzi IP o i nomi a dominio dei computer utilizzati dagli utenti che si connettono al sito, gli indirizzi in notazione URI (Uniform Resource Identifier) delle risorse richieste, l&#8217;orario della richiesta, il metodo utilizzato nel sottoporre la richiesta al server, la dimensione del file ottenuto in risposta, il codice numerico indicante lo stato della risposta data dal server (buon fine, errore, ecc.) ed altri parametri relativi al sistema operativo e all&#8217;ambiente informatico dell&#8217;utente.<\/p>\n<p>Questi dati vengono utilizzati al solo fine di ricavare informazioni statistiche anonime sull&#8217;uso del sito e per controllarne il corretto funzionamento e vengono cancellati immediatamente dopo l&#8217;elaborazione. I dati potrebbero essere utilizzati per l&#8217;accertamento di responsabilit\u00e0 in caso di ipotetici reati informatici ai danni del sito: salva questa eventualit\u00e0, allo stato i dati sui contatti web non persistono per pi\u00f9 di sette giorni.<\/p>\n<p>Dati forniti volontariamente dall&#8217;utente<\/p>\n<p>L&#8217;invio facoltativo, esplicito e volontario di posta elettronica agli indirizzi indicati su questo sito comporta la successiva acquisizione dell&#8217;indirizzo del mittente, necessario per rispondere alle richieste, nonch\u00e9&#8217; degli eventuali altri dati personali inseriti nella missiva.<br \/>\nSpecifiche informative di sintesi verranno progressivamente riportate o visualizzate nelle pagine del sito predisposte per particolari servizi a richiesta.<\/p>\n<p><strong>COOKIES <\/strong><\/p>\n<p>Vengono utilizzati i c.d. cookies che sono file di piccole dimensioni memorizzati sul disco rigido del computer e servono per fornire servizi e\/o informazioni. La maggior parte dei cookie sono &#8220;cookie di sessione&#8221; e vengono quindi eliminati dal disco rigido al termine della sessione (quando ci si disconnette o si chiude il browser). Possono essere presenti in alcune pagine del sito per poter analizzare l&#8217;accesso alle pagine web, personalizzare i propri servizi, i contenuti e i messaggi pubblicitari, misurare l&#8217;efficacia delle promozioni e garantire fiducia e sicurezza<br \/>\nI c.d. cookies di sessione utilizzati in questo sito evitano il ricorso ad altre tecniche informatiche potenzialmente pregiudizievoli per la riservatezza della navigazione degli utenti e non consentono l&#8217;acquisizione di dati personali identificativi dell&#8217;utente.<\/p>\n<p><strong>CONFERIMENTO DEI DATI <\/strong><\/p>\n<p>A parte quanto specificato per i dati di navigazione, l&#8217;utente \u00e8 libero di fornire i dati personali riportati nella maschera relativa al consenso al trattamento dei dati o comunque indicati in contatti con l&#8217;azienda per sollecitare l&#8217;invio di materiale informativo o di altre comunicazioni. Il loro mancato conferimento pu\u00f2 comportare l\u2019impossibilit\u00e0 di ottenere risposta a quanto richiesto.<\/p>\n<p><strong>MODALITA&#8217; DEL TRATTAMENTO <\/strong><\/p>\n<p>I dati personali sono trattati con strumenti automatizzati per il tempo strettamente necessario a conseguire gli scopi per cui sono stati raccolti. Specifiche misure di sicurezza sono osservate per prevenire la perdita dei dati, usi illeciti o non corretti ed accessi non autorizzati.<\/p>\n<p><strong>DIRITTI DEGLI INTERESSATI<\/strong><\/p>\n<p>Ai sensi del Regolamento europeo 679\/2016 (GDPR) e della normativa nazionale, l&#8217;Utente pu\u00f2, secondo le modalit\u00e0 e nei limiti previsti dalla vigente normativa, esercitare i seguenti diritti:<\/p>\n<p>&#8211; richiedere la conferma dell&#8217;esistenza di dati personali che lo riguardano (diritto di accesso);<br \/>\n&#8211; conoscerne l&#8217;origine;<br \/>\n&#8211; riceverne comunicazione intelligibile;<br \/>\n&#8211; avere informazioni circa la logica, le modalit\u00e0 e le finalit\u00e0 del trattamento;<br \/>\n&#8211; richiederne l&#8217;aggiornamento, la rettifica, l&#8217;integrazione, la cancellazione, la trasformazione in forma anonima, il blocco dei dati trattati in violazione di legge, ivi compresi quelli non pi\u00f9 necessari al perseguimento degli scopi per i quali sono stati raccolti;<br \/>\n&#8211; nei casi di trattamento basato su consenso, ricevere al solo costo dell\u2019eventuale supporto, i suoi dati forniti al titolare, in forma strutturata e leggibile da un elaboratore di dati e in un formato comunemente usato da un dispositivo elettronico;<br \/>\n&#8211; il diritto di presentare un reclamo all\u2019Autorit\u00e0 di controllo (Garante Privacy \u2013 <a href=\"http:\/\/www.garanteprivacy.it\/web\/guest\/home\/docweb\/-\/docweb-display\/docweb\/4535524\">link alla pagina del Garante<\/a>);<br \/>\n&#8211; nonch\u00e9, pi\u00f9 in generale, esercitare tutti i diritti che gli sono riconosciuti dalle vigenti disposizioni di legge.<\/p>\n<p>Le richieste vanno rivolte al Titolare del trattamento.<\/p>\n<p>Nel caso in cui i dati siano trattati in base ai legittimi interessi sono comunque garantiti i diritti degli interessati al trattamento (tranne il diritto alla portabilit\u00e0 che non \u00e8 previsto dalle norme), in particolare il diritto di opposizione al trattamento che pu\u00f2 essere esercitato inviando una richiesta al titolare del trattamento<a href=\"mailto:info@stemcromo.it\" target=\"_blank\" rel=\"noopener\">\u00a0info@stemcromo<\/a>.it<\/p>\n<p><strong>STEMCROMO di Sterbizzi &amp; C. s.n.c<\/strong><\/p>\n","protected":false},"excerpt":{"rendered":"<p>INFORMATIVA PRIVACY STEMCROMO di Sterbizzi &amp; C. s.n.c. si riserva il diritto di modificare la presente Dichiarazione sulla privacy secondo necessit\u00e0, ad esempio, per conformarsi all&#8217;evoluzione di leggi, regolamenti, pratiche e procedure di STEMCROMO di Sterbizzi &amp; C. s.n.c. o alle richieste delle autorit\u00e0 di vigilanza. In tal caso,STEMCROMO di Sterbizzi &amp; C. s.n.c proceder\u00e0 [&hellip;]<\/p>\n","protected":false},"author":1,"featured_media":0,"parent":0,"menu_order":0,"comment_status":"closed","ping_status":"open","template":"","meta":{"_et_pb_use_builder":"","_et_pb_old_content":"","_et_gb_content_width":"","footnotes":""},"class_list":["post-3","page","type-page","status-publish","hentry"],"yoast_head":"<!-- This site is optimized with the Yoast SEO plugin v26.1.1 - https:\/\/yoast.com\/wordpress\/plugins\/seo\/ -->\n<title>Privacy Policy - stemcromo cromatura a spessore<\/title>\n<meta name=\"robots\" content=\"index, follow, max-snippet:-1, max-image-preview:large, max-video-preview:-1\" \/>\n<link rel=\"canonical\" href=\"https:\/\/www.stemcromo.it\/site2018\/privacy-policy\/\" \/>\n<meta property=\"og:locale\" content=\"it_IT\" \/>\n<meta property=\"og:type\" content=\"article\" \/>\n<meta property=\"og:title\" content=\"Privacy Policy - stemcromo cromatura a spessore\" \/>\n<meta property=\"og:description\" content=\"INFORMATIVA PRIVACY STEMCROMO di Sterbizzi &amp; C. s.n.c. si riserva il diritto di modificare la presente Dichiarazione sulla privacy secondo necessit\u00e0, ad esempio, per conformarsi all&#8217;evoluzione di leggi, regolamenti, pratiche e procedure di STEMCROMO di Sterbizzi &amp; C. s.n.c. o alle richieste delle autorit\u00e0 di vigilanza. In tal caso,STEMCROMO di Sterbizzi &amp; C. s.n.c proceder\u00e0 [&hellip;]\" \/>\n<meta property=\"og:url\" content=\"https:\/\/www.stemcromo.it\/site2018\/privacy-policy\/\" \/>\n<meta property=\"og:site_name\" content=\"stemcromo cromatura a spessore\" \/>\n<meta property=\"article:publisher\" content=\"https:\/\/www.facebook.com\/stemcromo.it\" \/>\n<meta property=\"article:modified_time\" content=\"2019-01-09T09:45:30+00:00\" \/>\n<meta name=\"twitter:card\" content=\"summary_large_image\" \/>\n<meta name=\"twitter:label1\" content=\"Tempo di lettura stimato\" \/>\n\t<meta name=\"twitter:data1\" content=\"6 minuti\" \/>\n<script type=\"application\/ld+json\" class=\"yoast-schema-graph\">{\"@context\":\"https:\/\/schema.org\",\"@graph\":[{\"@type\":\"WebPage\",\"@id\":\"https:\/\/www.stemcromo.it\/site2018\/privacy-policy\/\",\"url\":\"https:\/\/www.stemcromo.it\/site2018\/privacy-policy\/\",\"name\":\"Privacy Policy - stemcromo cromatura a spessore\",\"isPartOf\":{\"@id\":\"https:\/\/www.stemcromo.it\/site2018\/#website\"},\"datePublished\":\"2018-11-28T16:21:12+00:00\",\"dateModified\":\"2019-01-09T09:45:30+00:00\",\"breadcrumb\":{\"@id\":\"https:\/\/www.stemcromo.it\/site2018\/privacy-policy\/#breadcrumb\"},\"inLanguage\":\"it-IT\",\"potentialAction\":[{\"@type\":\"ReadAction\",\"target\":[\"https:\/\/www.stemcromo.it\/site2018\/privacy-policy\/\"]}]},{\"@type\":\"BreadcrumbList\",\"@id\":\"https:\/\/www.stemcromo.it\/site2018\/privacy-policy\/#breadcrumb\",\"itemListElement\":[{\"@type\":\"ListItem\",\"position\":1,\"name\":\"Home\",\"item\":\"https:\/\/www.stemcromo.it\/site2018\/\"},{\"@type\":\"ListItem\",\"position\":2,\"name\":\"Privacy Policy\"}]},{\"@type\":\"WebSite\",\"@id\":\"https:\/\/www.stemcromo.it\/site2018\/#website\",\"url\":\"https:\/\/www.stemcromo.it\/site2018\/\",\"name\":\"Stemcromo\",\"description\":\"alberi motore-cilindri-ammortizzatori-cromatura-a-spessore\",\"publisher\":{\"@id\":\"https:\/\/www.stemcromo.it\/site2018\/#organization\"},\"potentialAction\":[{\"@type\":\"SearchAction\",\"target\":{\"@type\":\"EntryPoint\",\"urlTemplate\":\"https:\/\/www.stemcromo.it\/site2018\/?s={search_term_string}\"},\"query-input\":{\"@type\":\"PropertyValueSpecification\",\"valueRequired\":true,\"valueName\":\"search_term_string\"}}],\"inLanguage\":\"it-IT\"},{\"@type\":\"Organization\",\"@id\":\"https:\/\/www.stemcromo.it\/site2018\/#organization\",\"name\":\"stemcromo cromatura a spessore\",\"url\":\"https:\/\/www.stemcromo.it\/site2018\/\",\"logo\":{\"@type\":\"ImageObject\",\"inLanguage\":\"it-IT\",\"@id\":\"https:\/\/www.stemcromo.it\/site2018\/#\/schema\/logo\/image\/\",\"url\":\"https:\/\/www.stemcromo.it\/site2018\/wp-content\/uploads\/2018\/11\/nuovo_logo2_stemcromo_2.png\",\"contentUrl\":\"https:\/\/www.stemcromo.it\/site2018\/wp-content\/uploads\/2018\/11\/nuovo_logo2_stemcromo_2.png\",\"width\":868,\"height\":412,\"caption\":\"stemcromo cromatura a spessore\"},\"image\":{\"@id\":\"https:\/\/www.stemcromo.it\/site2018\/#\/schema\/logo\/image\/\"},\"sameAs\":[\"https:\/\/www.facebook.com\/stemcromo.it\"]}]}<\/script>\n<!-- \/ Yoast SEO plugin. -->","yoast_head_json":{"title":"Privacy Policy - stemcromo cromatura a spessore","robots":{"index":"index","follow":"follow","max-snippet":"max-snippet:-1","max-image-preview":"max-image-preview:large","max-video-preview":"max-video-preview:-1"},"canonical":"https:\/\/www.stemcromo.it\/site2018\/privacy-policy\/","og_locale":"it_IT","og_type":"article","og_title":"Privacy Policy - stemcromo cromatura a spessore","og_description":"INFORMATIVA PRIVACY STEMCROMO di Sterbizzi &amp; C. s.n.c. si riserva il diritto di modificare la presente Dichiarazione sulla privacy secondo necessit\u00e0, ad esempio, per conformarsi all&#8217;evoluzione di leggi, regolamenti, pratiche e procedure di STEMCROMO di Sterbizzi &amp; C. s.n.c. o alle richieste delle autorit\u00e0 di vigilanza. In tal caso,STEMCROMO di Sterbizzi &amp; C. s.n.c proceder\u00e0 [&hellip;]","og_url":"https:\/\/www.stemcromo.it\/site2018\/privacy-policy\/","og_site_name":"stemcromo cromatura a spessore","article_publisher":"https:\/\/www.facebook.com\/stemcromo.it","article_modified_time":"2019-01-09T09:45:30+00:00","twitter_card":"summary_large_image","twitter_misc":{"Tempo di lettura stimato":"6 minuti"},"schema":{"@context":"https:\/\/schema.org","@graph":[{"@type":"WebPage","@id":"https:\/\/www.stemcromo.it\/site2018\/privacy-policy\/","url":"https:\/\/www.stemcromo.it\/site2018\/privacy-policy\/","name":"Privacy Policy - stemcromo cromatura a spessore","isPartOf":{"@id":"https:\/\/www.stemcromo.it\/site2018\/#website"},"datePublished":"2018-11-28T16:21:12+00:00","dateModified":"2019-01-09T09:45:30+00:00","breadcrumb":{"@id":"https:\/\/www.stemcromo.it\/site2018\/privacy-policy\/#breadcrumb"},"inLanguage":"it-IT","potentialAction":[{"@type":"ReadAction","target":["https:\/\/www.stemcromo.it\/site2018\/privacy-policy\/"]}]},{"@type":"BreadcrumbList","@id":"https:\/\/www.stemcromo.it\/site2018\/privacy-policy\/#breadcrumb","itemListElement":[{"@type":"ListItem","position":1,"name":"Home","item":"https:\/\/www.stemcromo.it\/site2018\/"},{"@type":"ListItem","position":2,"name":"Privacy Policy"}]},{"@type":"WebSite","@id":"https:\/\/www.stemcromo.it\/site2018\/#website","url":"https:\/\/www.stemcromo.it\/site2018\/","name":"Stemcromo","description":"alberi motore-cilindri-ammortizzatori-cromatura-a-spessore","publisher":{"@id":"https:\/\/www.stemcromo.it\/site2018\/#organization"},"potentialAction":[{"@type":"SearchAction","target":{"@type":"EntryPoint","urlTemplate":"https:\/\/www.stemcromo.it\/site2018\/?s={search_term_string}"},"query-input":{"@type":"PropertyValueSpecification","valueRequired":true,"valueName":"search_term_string"}}],"inLanguage":"it-IT"},{"@type":"Organization","@id":"https:\/\/www.stemcromo.it\/site2018\/#organization","name":"stemcromo cromatura a spessore","url":"https:\/\/www.stemcromo.it\/site2018\/","logo":{"@type":"ImageObject","inLanguage":"it-IT","@id":"https:\/\/www.stemcromo.it\/site2018\/#\/schema\/logo\/image\/","url":"https:\/\/www.stemcromo.it\/site2018\/wp-content\/uploads\/2018\/11\/nuovo_logo2_stemcromo_2.png","contentUrl":"https:\/\/www.stemcromo.it\/site2018\/wp-content\/uploads\/2018\/11\/nuovo_logo2_stemcromo_2.png","width":868,"height":412,"caption":"stemcromo cromatura a spessore"},"image":{"@id":"https:\/\/www.stemcromo.it\/site2018\/#\/schema\/logo\/image\/"},"sameAs":["https:\/\/www.facebook.com\/stemcromo.it"]}]}},"_links":{"self":[{"href":"https:\/\/www.stemcromo.it\/site2018\/wp-json\/wp\/v2\/pages\/3","targetHints":{"allow":["GET"]}}],"collection":[{"href":"https:\/\/www.stemcromo.it\/site2018\/wp-json\/wp\/v2\/pages"}],"about":[{"href":"https:\/\/www.stemcromo.it\/site2018\/wp-json\/wp\/v2\/types\/page"}],"author":[{"embeddable":true,"href":"https:\/\/www.stemcromo.it\/site2018\/wp-json\/wp\/v2\/users\/1"}],"replies":[{"embeddable":true,"href":"https:\/\/www.stemcromo.it\/site2018\/wp-json\/wp\/v2\/comments?post=3"}],"version-history":[{"count":1,"href":"https:\/\/www.stemcromo.it\/site2018\/wp-json\/wp\/v2\/pages\/3\/revisions"}],"predecessor-version":[{"id":418,"href":"https:\/\/www.stemcromo.it\/site2018\/wp-json\/wp\/v2\/pages\/3\/revisions\/418"}],"wp:attachment":[{"href":"https:\/\/www.stemcromo.it\/site2018\/wp-json\/wp\/v2\/media?parent=3"}],"curies":[{"name":"wp","href":"https:\/\/api.w.org\/{rel}","templated":true}]}}